{"id":2709,"date":"2023-09-18T10:19:04","date_gmt":"2023-09-18T08:19:04","guid":{"rendered":"https:\/\/henri-vins.ch\/wo-henri-weine-verkosten\/badouxtheque-magasin-degustation-vin-badoux-yvorne\/"},"modified":"2024-03-04T09:25:02","modified_gmt":"2024-03-04T08:25:02","slug":"badouxtheque","status":"publish","type":"page","link":"https:\/\/henri-vins.ch\/de\/wo-henri-weine-verkosten\/badouxtheque\/","title":{"rendered":"Die BadouxTh\u00e8que"},"content":{"rendered":"\n\n<section class=\"gut-block gut-hero bg-color-none with-bg-img\" >\n            <div class=\"bg-img\">\n            <img loading=\"lazy\" decoding=\"async\" width=\"1920\" height=\"580\" src=\"https:\/\/henri-vins.ch\/wp-content\/uploads\/sites\/2\/2023\/11\/badouxtheque-yvorne-jacque-deschenaux-vin-henri-badoux.jpg\" class=\"attachment-banner size-banner\" alt=\"La BadouxTh\u00e8que \u00e0 Yvorne, espace de d\u00e9gustation des vins de la Maison Henri Badoux.\" srcset=\"https:\/\/henri-vins.ch\/wp-content\/uploads\/sites\/2\/2023\/11\/badouxtheque-yvorne-jacque-deschenaux-vin-henri-badoux.jpg 1920w, https:\/\/henri-vins.ch\/wp-content\/uploads\/sites\/2\/2023\/11\/badouxtheque-yvorne-jacque-deschenaux-vin-henri-badoux-300x91.jpg 300w, https:\/\/henri-vins.ch\/wp-content\/uploads\/sites\/2\/2023\/11\/badouxtheque-yvorne-jacque-deschenaux-vin-henri-badoux-1024x309.jpg 1024w, https:\/\/henri-vins.ch\/wp-content\/uploads\/sites\/2\/2023\/11\/badouxtheque-yvorne-jacque-deschenaux-vin-henri-badoux-768x232.jpg 768w, https:\/\/henri-vins.ch\/wp-content\/uploads\/sites\/2\/2023\/11\/badouxtheque-yvorne-jacque-deschenaux-vin-henri-badoux-1536x464.jpg 1536w\" sizes=\"(max-width: 1920px) 100vw, 1920px\" \/>        <\/div>\n        \n    <div class=\"wrap\">\n        <ul class=\"breadcrumb\">\n    <li>\n        <a href=\"https:\/\/henri-vins.ch\/de\/\">Accueil<\/a>\n    <\/li>\n\n            <li>\n            <a href=\"https:\/\/henri-vins.ch\/de\/wo-henri-weine-verkosten\/\">Ready to meet<\/a>\n        <\/li>\n    \n    \n    <li>\n        <span class=\"current\">Die BadouxTh\u00e8que<\/span>\n    <\/li>\n<\/ul>        \n        <div class=\"content\">\n            <h1 class=\"block-title title-big\">\n                                    Die BadouxTh\u00e8que                            <\/h1>\n\n                            <div class=\"block-intro wysiwyg-content\">\n                    <h4><\/h4>\n                <\/div>\n            \n                    <\/div>\n    <\/div>\n\n    <button type=\"button\" class=\"btn cts\">Scroll<\/button>\n<\/section>\n\n\n\n<section class=\"gut-block gut-texte centered-text bg-color-none\" >\n    <div class=\"wrap\">\n        <div class=\"block-texte wysiwyg-content\">\n            <h2 style=\"text-align: center\">Shop, Bar und Restaurant<\/h2>\n<p style=\"text-align: center\">Die <a href=\"https:\/\/www.group-events.ch\/la-badouxtheque\/\" target=\"_blank\" rel=\"noopener\">BadouxTh\u00e8que<\/a> ist der ultimative <strong>Treffpunkt<\/strong> zum Kennenlernen der <a href=\"https:\/\/henri-vins.ch\/de\/weine\/\" target=\"_blank\" rel=\"noopener\">Henri-Weine<\/a>. W\u00e4hrend Sie im Laden herrliche Einkaufserlebnisse erwarten, verw\u00f6hnt man Sie und Ihre <strong>Freunde<\/strong> in der Bar und im Loungebereich mit k\u00f6stlichen Drinks.<\/p>\n        <\/div>\n    <\/div>\n<\/section>\n\n\n\n<section class=\"gut-block gut-contenu-50-50 disposition-left bg-color-jaune\" >\n    <div class=\"wrap\">\n                    <div class=\"img\">\n                <img loading=\"lazy\" decoding=\"async\" width=\"607\" height=\"628\" src=\"https:\/\/henri-vins.ch\/wp-content\/uploads\/sites\/2\/2023\/09\/visuel-henri.jpg\" class=\"attachment-banner size-banner\" alt=\"\" srcset=\"https:\/\/henri-vins.ch\/wp-content\/uploads\/sites\/2\/2023\/09\/visuel-henri.jpg 607w, https:\/\/henri-vins.ch\/wp-content\/uploads\/sites\/2\/2023\/09\/visuel-henri-290x300.jpg 290w\" sizes=\"(max-width: 607px) 100vw, 607px\" \/>            <\/div>\n        \n        <div class=\"content\">\n                            <h2 class=\"block-title title-h2\">\n                    D\u00e9gustation                <\/h2>\n            \n                            <div class=\"block-texte wysiwyg-content light\">\n                    <p>Die BadouxTh\u00e8que ist die\u00a0<strong>Weinbar<\/strong>, in der alle Weine der\u00a0<a href=\"https:\/\/henri-vins.ch\/de\/marke\/\" target=\"_blank\" rel=\"noopener\">Marke Henri<\/a>\u00a0verkostet werden k\u00f6nnen. In gem\u00fctlicher Atmosph\u00e4re kommt der ganze Zauber der Weine zum Vorschein und schenkt sch\u00f6ne Genussmomente im Freundeskreis. Der Loungebereich ist mit bequemen Sitzgelegenheiten ausgestattet, die zum entspannten Verweilen einladen. Der Barbereich eignet sich bestens zum Plaudern.<\/p>\n                <\/div>\n            \n                            <div class=\"cta-container\">\n                    <a href=\"https:\/\/www.group-events.ch\/produit\/degustation-de-vin\/\" target=\"_blank\" class=\"btn\">Finden Sie die Angebote f\u00fcr Verkostungen<\/a>\n                <\/div>\n                    <\/div>\n    <\/div>\n<\/section>\n\n\n\n<section class=\"gut-block gut-contenu-50-50 disposition-right bg-color-none\" >\n    <div class=\"wrap\">\n                    <div class=\"img\">\n                <img loading=\"lazy\" decoding=\"async\" width=\"610\" height=\"610\" src=\"https:\/\/henri-vins.ch\/wp-content\/uploads\/sites\/2\/2023\/10\/accord-mets-vins-suisse-henri-ramarro-rosato-badoux-aigle.jpg\" class=\"attachment-banner size-banner\" alt=\"Assiette du jour au restaurant de la BadouxTh\u00e8que.\" srcset=\"https:\/\/henri-vins.ch\/wp-content\/uploads\/sites\/2\/2023\/10\/accord-mets-vins-suisse-henri-ramarro-rosato-badoux-aigle.jpg 610w, https:\/\/henri-vins.ch\/wp-content\/uploads\/sites\/2\/2023\/10\/accord-mets-vins-suisse-henri-ramarro-rosato-badoux-aigle-300x300.jpg 300w, https:\/\/henri-vins.ch\/wp-content\/uploads\/sites\/2\/2023\/10\/accord-mets-vins-suisse-henri-ramarro-rosato-badoux-aigle-150x150.jpg 150w\" sizes=\"(max-width: 610px) 100vw, 610px\" \/>            <\/div>\n        \n        <div class=\"content\">\n                            <h2 class=\"block-title title-h2\">\n                    Gastronomie                <\/h2>\n            \n                            <div class=\"block-texte wysiwyg-content light\">\n                    <p>Die\u00a0<strong>Speisekart<\/strong>e ist der jeweiligen Jahreszeit angepasst und basiert auf den Ideen des K\u00fcchenchefs. Im Angebot sind K\u00f6stlichkeiten wie Rindertatar, K\u00e4se vom Brett, Waadtl\u00e4nder Tapasvariationen sowie\u00a0<strong>Tagesmen\u00fcs<\/strong>. Essen in ansprechendem, geselligem Ambiente mit Weinbegleitung durch Henri.<\/p>\n                <\/div>\n            \n                    <\/div>\n    <\/div>\n<\/section>\n\n\n\n<section class=\"gut-block gut-contenu-50-50 disposition-left bg-color-jaune\" >\n    <div class=\"wrap\">\n                    <div class=\"img\">\n                <img loading=\"lazy\" decoding=\"async\" width=\"1920\" height=\"580\" src=\"https:\/\/henri-vins.ch\/wp-content\/uploads\/sites\/2\/2023\/10\/bouteilles-vins-suisse-henri-badoux-aigle.jpg\" class=\"attachment-banner size-banner\" alt=\"Bouteilles de vin blancs et rouges suisses de la Maison Henri Badoux.\" srcset=\"https:\/\/henri-vins.ch\/wp-content\/uploads\/sites\/2\/2023\/10\/bouteilles-vins-suisse-henri-badoux-aigle.jpg 1920w, https:\/\/henri-vins.ch\/wp-content\/uploads\/sites\/2\/2023\/10\/bouteilles-vins-suisse-henri-badoux-aigle-300x91.jpg 300w, https:\/\/henri-vins.ch\/wp-content\/uploads\/sites\/2\/2023\/10\/bouteilles-vins-suisse-henri-badoux-aigle-1024x309.jpg 1024w, https:\/\/henri-vins.ch\/wp-content\/uploads\/sites\/2\/2023\/10\/bouteilles-vins-suisse-henri-badoux-aigle-768x232.jpg 768w, https:\/\/henri-vins.ch\/wp-content\/uploads\/sites\/2\/2023\/10\/bouteilles-vins-suisse-henri-badoux-aigle-1536x464.jpg 1536w\" sizes=\"(max-width: 1920px) 100vw, 1920px\" \/>            <\/div>\n        \n        <div class=\"content\">\n                            <h2 class=\"block-title title-h2\">\n                    Shop                <\/h2>\n            \n                            <div class=\"block-texte wysiwyg-content light\">\n                    <p>Im Shop der\u00a0<strong>BadouxTh\u00e8que<\/strong> finden Sie neben s\u00e4mtlichen Weinen des Maison Henri Badoux alle 15 Henri-Crus sowie ausgew\u00e4hlte lokale und ausl\u00e4ndische Weinspezialit\u00e4ten. Ganz nach Ihren W\u00fcnschen k\u00f6nnen Sie sich hier auch <strong>Geschenksets oder Geschenkk\u00f6rbe<\/strong>\u00a0zusammenstellen lassen.<\/p>\n                <\/div>\n            \n                    <\/div>\n    <\/div>\n<\/section>\n\n\n\n<section class=\"gut-block gut-contenu-50-50 disposition-right bg-color-none\" >\n    <div class=\"wrap\">\n                    <div class=\"img\">\n                <img loading=\"lazy\" decoding=\"async\" width=\"610\" height=\"610\" src=\"https:\/\/henri-vins.ch\/wp-content\/uploads\/sites\/2\/2023\/11\/badouxthque-yvorne-espace-degustation-vin-henri-badoux.jpg\" class=\"attachment-banner size-banner\" alt=\"Terrasse de la BadouxTh\u00e8que, lieu de d\u00e9gustation des vins Henri Badoux \u00e0 Yvorne.\" srcset=\"https:\/\/henri-vins.ch\/wp-content\/uploads\/sites\/2\/2023\/11\/badouxthque-yvorne-espace-degustation-vin-henri-badoux.jpg 610w, https:\/\/henri-vins.ch\/wp-content\/uploads\/sites\/2\/2023\/11\/badouxthque-yvorne-espace-degustation-vin-henri-badoux-300x300.jpg 300w, https:\/\/henri-vins.ch\/wp-content\/uploads\/sites\/2\/2023\/11\/badouxthque-yvorne-espace-degustation-vin-henri-badoux-150x150.jpg 150w\" sizes=\"(max-width: 610px) 100vw, 610px\" \/>            <\/div>\n        \n        <div class=\"content\">\n                            <h2 class=\"block-title title-h2\">\n                    Veranstaltungen                <\/h2>\n            \n                            <div class=\"block-texte wysiwyg-content light\">\n                    <p>Die BadouxTh\u00e8que verf\u00fcgt \u00fcber zwei Bankett- und Seminarr\u00e4ume sowie den VIP-Bereich \u00abLe 1908\u00bb. Diese\u00a0<strong>R\u00e4umlichkeiten<\/strong>\u00a0stellen wir Ihnen kostenfrei f\u00fcr Ihre privaten oder gesch\u00e4ftlichen Events zur Verf\u00fcgung. Passend zu Ihrer Veranstaltung verw\u00f6hnen wir Sie und Ihre G\u00e4ste mit Gerichten aus regionalen und saisonalen Produkten und den Weinen von\u00a0<strong>Henri Badoux<\/strong>.<\/p>\n                <\/div>\n            \n                    <\/div>\n    <\/div>\n<\/section>\n\n\n\n<section class=\"gut-block gut-adresses bg-color-jaune\" >\n    <div class=\"wrap\">\n                    <h2 class=\"block-title title-h2\">\n                Die BadouxTh\u00e8que            <\/h2>\n                \n        <div class=\"container\">\n            <div class=\"map\" data-latitude=\"46.32649719081968\" data-longitude=\"6.9619516243751285\" data-zoom=\"16\"><\/div>\n            \n            <div class=\"list\">\n                \n                    <div class=\"item\"\n                        data-id=\"0\"\n                    >\n\n                        <h3 class=\"item-title title-h3\">\n                            Route de Lausanne 28 &#8211; 1853 Yvorne                        <\/h3>\n                        \n                                                    <div class=\"item-adresse wysiwyg-content\">\n                                <p>Nati und Jacques Deschenaux<\/p>\n<p>+41 24 467 00 40<br \/>\n<a href=\"mailto:commercial@group-events.ch\" target=\"_blank\" rel=\"noopener\">commercial@group-events.ch<\/a><br \/>\n<a href=\"https:\/\/www.group-events.ch\/la-badouxtheque\/\" target=\"_blank\" rel=\"noopener\">www.badouxtheque.ch\u00a0<\/a><\/p>\n<p><b>\u00d6ffnungzeiten &#8211; \u0152noth\u00e8que und shop<\/b><br \/>\nMontag 08:30\u201320:00<br \/>\nDienstag 08:30\u201320:00<br \/>\nMittwoch 08:30\u201321:00<br \/>\nDonnerstag 08:30\u201321:00<br \/>\nFreitag 08:30\u201321:00<br \/>\nSamstag 10:00\u201320:00<\/p>\n<p><strong><b>\u00d6ffnungzeiten <\/b> &#8211; Restaurant<br \/>\n<\/strong>Montag 12:00\u201314:00<br \/>\nDienstag 12:00\u201314:00<br \/>\nMittwoch 12:00\u201314:00, 18h30-21h<br \/>\nDonnertag 12:00\u201314:00, 18h30-21h<br \/>\nFreitag 12:00\u201314:00, 18h30-21h<br \/>\nSamstag 12:00\u201314:00 (Reduzierte Karte oder mit Reservierung)<\/p>\n<p>&nbsp;<\/p>\n                            <\/div>\n                                    \n                                            <\/div>\n\n                            <\/div>\n        <\/div>\n    <\/div>\n<\/section>","protected":false},"excerpt":{"rendered":"","protected":false},"author":2,"featured_media":473,"parent":2270,"menu_order":2,"comment_status":"closed","ping_status":"closed","template":"","meta":{"_acf_changed":false,"inline_featured_image":false,"footnotes":""},"acf":[],"yoast_head":"<!-- This site is optimized with the Yoast SEO plugin v24.5 - https:\/\/yoast.com\/wordpress\/plugins\/seo\/ -->\n<title>Lust, Henri-Weine zu probieren? Rendez-vous in der BadouxTh\u00e8que.<\/title>\n<meta name=\"description\" content=\"Die BadouxTh\u00e8que in Yvorne ist der unumg\u00e4ngliche Ort, um Henri-Weine zu verkosten und zu kaufen. Am selben Ort finden Sie eine Vinothek, ein Restaurant, einen Laden und Seminarr\u00e4ume.\" \/>\n<meta name=\"robots\" content=\"index, follow, max-snippet:-1, max-image-preview:large, max-video-preview:-1\" \/>\n<link rel=\"canonical\" href=\"https:\/\/henri-vins.ch\/de\/wo-henri-weine-verkosten\/badouxtheque\/\" \/>\n<meta property=\"og:locale\" content=\"de_DE\" \/>\n<meta property=\"og:type\" content=\"article\" \/>\n<meta property=\"og:title\" content=\"Lust, Henri-Weine zu probieren? Rendez-vous in der BadouxTh\u00e8que.\" \/>\n<meta property=\"og:description\" content=\"Die BadouxTh\u00e8que in Yvorne ist der unumg\u00e4ngliche Ort, um Henri-Weine zu verkosten und zu kaufen. Am selben Ort finden Sie eine Vinothek, ein Restaurant, einen Laden und Seminarr\u00e4ume.\" \/>\n<meta property=\"og:url\" content=\"https:\/\/henri-vins.ch\/de\/wo-henri-weine-verkosten\/badouxtheque\/\" \/>\n<meta property=\"og:site_name\" content=\"Henri\" \/>\n<meta property=\"article:modified_time\" content=\"2024-03-04T08:25:02+00:00\" \/>\n<meta property=\"og:image\" content=\"https:\/\/henri-vins.ch\/wp-content\/uploads\/sites\/2\/2023\/09\/Ambiance_1908_rouge_945x980.webp\" \/>\n\t<meta property=\"og:image:width\" content=\"945\" \/>\n\t<meta property=\"og:image:height\" content=\"980\" \/>\n\t<meta property=\"og:image:type\" content=\"image\/webp\" \/>\n<meta name=\"twitter:card\" content=\"summary_large_image\" \/>\n<meta name=\"twitter:label1\" content=\"Gesch\u00e4tzte Lesezeit\" \/>\n\t<meta name=\"twitter:data1\" content=\"2\u00a0Minuten\" \/>\n<script type=\"application\/ld+json\" class=\"yoast-schema-graph\">{\"@context\":\"https:\/\/schema.org\",\"@graph\":[{\"@type\":\"WebPage\",\"@id\":\"https:\/\/henri-vins.ch\/de\/wo-henri-weine-verkosten\/badouxtheque\/\",\"url\":\"https:\/\/henri-vins.ch\/de\/wo-henri-weine-verkosten\/badouxtheque\/\",\"name\":\"Lust, Henri-Weine zu probieren? Rendez-vous in der BadouxTh\u00e8que.\",\"isPartOf\":{\"@id\":\"https:\/\/henri-vins.ch\/de\/#website\"},\"primaryImageOfPage\":{\"@id\":\"https:\/\/henri-vins.ch\/de\/wo-henri-weine-verkosten\/badouxtheque\/#primaryimage\"},\"image\":{\"@id\":\"https:\/\/henri-vins.ch\/de\/wo-henri-weine-verkosten\/badouxtheque\/#primaryimage\"},\"thumbnailUrl\":\"https:\/\/henri-vins.ch\/wp-content\/uploads\/sites\/2\/2023\/09\/Ambiance_1908_rouge_945x980.webp\",\"datePublished\":\"2023-09-18T08:19:04+00:00\",\"dateModified\":\"2024-03-04T08:25:02+00:00\",\"description\":\"Die BadouxTh\u00e8que in Yvorne ist der unumg\u00e4ngliche Ort, um Henri-Weine zu verkosten und zu kaufen. Am selben Ort finden Sie eine Vinothek, ein Restaurant, einen Laden und Seminarr\u00e4ume.\",\"breadcrumb\":{\"@id\":\"https:\/\/henri-vins.ch\/de\/wo-henri-weine-verkosten\/badouxtheque\/#breadcrumb\"},\"inLanguage\":\"de\",\"potentialAction\":[{\"@type\":\"ReadAction\",\"target\":[\"https:\/\/henri-vins.ch\/de\/wo-henri-weine-verkosten\/badouxtheque\/\"]}]},{\"@type\":\"ImageObject\",\"inLanguage\":\"de\",\"@id\":\"https:\/\/henri-vins.ch\/de\/wo-henri-weine-verkosten\/badouxtheque\/#primaryimage\",\"url\":\"https:\/\/henri-vins.ch\/wp-content\/uploads\/sites\/2\/2023\/09\/Ambiance_1908_rouge_945x980.webp\",\"contentUrl\":\"https:\/\/henri-vins.ch\/wp-content\/uploads\/sites\/2\/2023\/09\/Ambiance_1908_rouge_945x980.webp\",\"width\":945,\"height\":980},{\"@type\":\"BreadcrumbList\",\"@id\":\"https:\/\/henri-vins.ch\/de\/wo-henri-weine-verkosten\/badouxtheque\/#breadcrumb\",\"itemListElement\":[{\"@type\":\"ListItem\",\"position\":1,\"name\":\"Accueil\",\"item\":\"https:\/\/henri-vins.ch\/de\/\"},{\"@type\":\"ListItem\",\"position\":2,\"name\":\"Ready to meet\",\"item\":\"https:\/\/henri-vins.ch\/de\/wo-henri-weine-verkosten\/\"},{\"@type\":\"ListItem\",\"position\":3,\"name\":\"Die BadouxTh\u00e8que\"}]},{\"@type\":\"WebSite\",\"@id\":\"https:\/\/henri-vins.ch\/de\/#website\",\"url\":\"https:\/\/henri-vins.ch\/de\/\",\"name\":\"Henri\",\"description\":\"\",\"publisher\":{\"@id\":\"https:\/\/henri-vins.ch\/de\/#organization\"},\"potentialAction\":[{\"@type\":\"SearchAction\",\"target\":{\"@type\":\"EntryPoint\",\"urlTemplate\":\"https:\/\/henri-vins.ch\/de\/?s={search_term_string}\"},\"query-input\":{\"@type\":\"PropertyValueSpecification\",\"valueRequired\":true,\"valueName\":\"search_term_string\"}}],\"inLanguage\":\"de\"},{\"@type\":\"Organization\",\"@id\":\"https:\/\/henri-vins.ch\/de\/#organization\",\"name\":\"Henri\",\"url\":\"https:\/\/henri-vins.ch\/de\/\",\"logo\":{\"@type\":\"ImageObject\",\"inLanguage\":\"de\",\"@id\":\"https:\/\/henri-vins.ch\/de\/#\/schema\/logo\/image\/\",\"url\":\"https:\/\/henri-vins.ch\/wp-content\/uploads\/sites\/2\/2023\/09\/logo-henri.svg\",\"contentUrl\":\"https:\/\/henri-vins.ch\/wp-content\/uploads\/sites\/2\/2023\/09\/logo-henri.svg\",\"width\":89,\"height\":20,\"caption\":\"Henri\"},\"image\":{\"@id\":\"https:\/\/henri-vins.ch\/de\/#\/schema\/logo\/image\/\"}}]}<\/script>\n<!-- \/ Yoast SEO plugin. -->","yoast_head_json":{"title":"Lust, Henri-Weine zu probieren? Rendez-vous in der BadouxTh\u00e8que.","description":"Die BadouxTh\u00e8que in Yvorne ist der unumg\u00e4ngliche Ort, um Henri-Weine zu verkosten und zu kaufen. Am selben Ort finden Sie eine Vinothek, ein Restaurant, einen Laden und Seminarr\u00e4ume.","robots":{"index":"index","follow":"follow","max-snippet":"max-snippet:-1","max-image-preview":"max-image-preview:large","max-video-preview":"max-video-preview:-1"},"canonical":"https:\/\/henri-vins.ch\/de\/wo-henri-weine-verkosten\/badouxtheque\/","og_locale":"de_DE","og_type":"article","og_title":"Lust, Henri-Weine zu probieren? Rendez-vous in der BadouxTh\u00e8que.","og_description":"Die BadouxTh\u00e8que in Yvorne ist der unumg\u00e4ngliche Ort, um Henri-Weine zu verkosten und zu kaufen. Am selben Ort finden Sie eine Vinothek, ein Restaurant, einen Laden und Seminarr\u00e4ume.","og_url":"https:\/\/henri-vins.ch\/de\/wo-henri-weine-verkosten\/badouxtheque\/","og_site_name":"Henri","article_modified_time":"2024-03-04T08:25:02+00:00","og_image":[{"width":945,"height":980,"url":"https:\/\/henri-vins.ch\/wp-content\/uploads\/sites\/2\/2023\/09\/Ambiance_1908_rouge_945x980.webp","type":"image\/webp"}],"twitter_card":"summary_large_image","twitter_misc":{"Gesch\u00e4tzte Lesezeit":"2\u00a0Minuten"},"schema":{"@context":"https:\/\/schema.org","@graph":[{"@type":"WebPage","@id":"https:\/\/henri-vins.ch\/de\/wo-henri-weine-verkosten\/badouxtheque\/","url":"https:\/\/henri-vins.ch\/de\/wo-henri-weine-verkosten\/badouxtheque\/","name":"Lust, Henri-Weine zu probieren? Rendez-vous in der BadouxTh\u00e8que.","isPartOf":{"@id":"https:\/\/henri-vins.ch\/de\/#website"},"primaryImageOfPage":{"@id":"https:\/\/henri-vins.ch\/de\/wo-henri-weine-verkosten\/badouxtheque\/#primaryimage"},"image":{"@id":"https:\/\/henri-vins.ch\/de\/wo-henri-weine-verkosten\/badouxtheque\/#primaryimage"},"thumbnailUrl":"https:\/\/henri-vins.ch\/wp-content\/uploads\/sites\/2\/2023\/09\/Ambiance_1908_rouge_945x980.webp","datePublished":"2023-09-18T08:19:04+00:00","dateModified":"2024-03-04T08:25:02+00:00","description":"Die BadouxTh\u00e8que in Yvorne ist der unumg\u00e4ngliche Ort, um Henri-Weine zu verkosten und zu kaufen. Am selben Ort finden Sie eine Vinothek, ein Restaurant, einen Laden und Seminarr\u00e4ume.","breadcrumb":{"@id":"https:\/\/henri-vins.ch\/de\/wo-henri-weine-verkosten\/badouxtheque\/#breadcrumb"},"inLanguage":"de","potentialAction":[{"@type":"ReadAction","target":["https:\/\/henri-vins.ch\/de\/wo-henri-weine-verkosten\/badouxtheque\/"]}]},{"@type":"ImageObject","inLanguage":"de","@id":"https:\/\/henri-vins.ch\/de\/wo-henri-weine-verkosten\/badouxtheque\/#primaryimage","url":"https:\/\/henri-vins.ch\/wp-content\/uploads\/sites\/2\/2023\/09\/Ambiance_1908_rouge_945x980.webp","contentUrl":"https:\/\/henri-vins.ch\/wp-content\/uploads\/sites\/2\/2023\/09\/Ambiance_1908_rouge_945x980.webp","width":945,"height":980},{"@type":"BreadcrumbList","@id":"https:\/\/henri-vins.ch\/de\/wo-henri-weine-verkosten\/badouxtheque\/#breadcrumb","itemListElement":[{"@type":"ListItem","position":1,"name":"Accueil","item":"https:\/\/henri-vins.ch\/de\/"},{"@type":"ListItem","position":2,"name":"Ready to meet","item":"https:\/\/henri-vins.ch\/de\/wo-henri-weine-verkosten\/"},{"@type":"ListItem","position":3,"name":"Die BadouxTh\u00e8que"}]},{"@type":"WebSite","@id":"https:\/\/henri-vins.ch\/de\/#website","url":"https:\/\/henri-vins.ch\/de\/","name":"Henri","description":"","publisher":{"@id":"https:\/\/henri-vins.ch\/de\/#organization"},"potentialAction":[{"@type":"SearchAction","target":{"@type":"EntryPoint","urlTemplate":"https:\/\/henri-vins.ch\/de\/?s={search_term_string}"},"query-input":{"@type":"PropertyValueSpecification","valueRequired":true,"valueName":"search_term_string"}}],"inLanguage":"de"},{"@type":"Organization","@id":"https:\/\/henri-vins.ch\/de\/#organization","name":"Henri","url":"https:\/\/henri-vins.ch\/de\/","logo":{"@type":"ImageObject","inLanguage":"de","@id":"https:\/\/henri-vins.ch\/de\/#\/schema\/logo\/image\/","url":"https:\/\/henri-vins.ch\/wp-content\/uploads\/sites\/2\/2023\/09\/logo-henri.svg","contentUrl":"https:\/\/henri-vins.ch\/wp-content\/uploads\/sites\/2\/2023\/09\/logo-henri.svg","width":89,"height":20,"caption":"Henri"},"image":{"@id":"https:\/\/henri-vins.ch\/de\/#\/schema\/logo\/image\/"}}]}},"_links":{"self":[{"href":"https:\/\/henri-vins.ch\/de\/wp-json\/wp\/v2\/pages\/2709"}],"collection":[{"href":"https:\/\/henri-vins.ch\/de\/wp-json\/wp\/v2\/pages"}],"about":[{"href":"https:\/\/henri-vins.ch\/de\/wp-json\/wp\/v2\/types\/page"}],"author":[{"embeddable":true,"href":"https:\/\/henri-vins.ch\/de\/wp-json\/wp\/v2\/users\/2"}],"replies":[{"embeddable":true,"href":"https:\/\/henri-vins.ch\/de\/wp-json\/wp\/v2\/comments?post=2709"}],"version-history":[{"count":10,"href":"https:\/\/henri-vins.ch\/de\/wp-json\/wp\/v2\/pages\/2709\/revisions"}],"predecessor-version":[{"id":3849,"href":"https:\/\/henri-vins.ch\/de\/wp-json\/wp\/v2\/pages\/2709\/revisions\/3849"}],"up":[{"embeddable":true,"href":"https:\/\/henri-vins.ch\/de\/wp-json\/wp\/v2\/pages\/2270"}],"wp:featuredmedia":[{"embeddable":true,"href":"https:\/\/henri-vins.ch\/de\/wp-json\/wp\/v2\/media\/473"}],"wp:attachment":[{"href":"https:\/\/henri-vins.ch\/de\/wp-json\/wp\/v2\/media?parent=2709"}],"curies":[{"name":"wp","href":"https:\/\/api.w.org\/{rel}","templated":true}]}}