{"id":2184,"date":"2023-11-13T09:53:17","date_gmt":"2023-11-13T08:53:17","guid":{"rendered":"https:\/\/henri-vins.ch\/initiation-degustation\/"},"modified":"2024-01-23T08:51:21","modified_gmt":"2024-01-23T07:51:21","slug":"einfuhrung-degustation","status":"publish","type":"page","link":"https:\/\/henri-vins.ch\/de\/einfuhrung-degustation\/","title":{"rendered":"Einf\u00fchrung in die Degustation"},"content":{"rendered":"\n\n<section class=\"gut-block gut-hero bg-color-none with-bg-img\" >\n            <div class=\"bg-img\">\n            <img loading=\"lazy\" decoding=\"async\" width=\"1920\" height=\"580\" src=\"https:\/\/henri-vins.ch\/wp-content\/uploads\/sites\/2\/2023\/11\/initiation-degustation-badouxtheque-vin-henri-badoux-aiglejpg.jpg\" class=\"attachment-banner size-banner\" alt=\"Initiation \u00e0 la d\u00e9gustation, avec les vins Henri Badoux, dans le chai \u00e0 Barrique de la BadouxTh\u00e8que \u00e0 Yvorne.\" srcset=\"https:\/\/henri-vins.ch\/wp-content\/uploads\/sites\/2\/2023\/11\/initiation-degustation-badouxtheque-vin-henri-badoux-aiglejpg.jpg 1920w, https:\/\/henri-vins.ch\/wp-content\/uploads\/sites\/2\/2023\/11\/initiation-degustation-badouxtheque-vin-henri-badoux-aiglejpg-300x91.jpg 300w, https:\/\/henri-vins.ch\/wp-content\/uploads\/sites\/2\/2023\/11\/initiation-degustation-badouxtheque-vin-henri-badoux-aiglejpg-1024x309.jpg 1024w, https:\/\/henri-vins.ch\/wp-content\/uploads\/sites\/2\/2023\/11\/initiation-degustation-badouxtheque-vin-henri-badoux-aiglejpg-768x232.jpg 768w, https:\/\/henri-vins.ch\/wp-content\/uploads\/sites\/2\/2023\/11\/initiation-degustation-badouxtheque-vin-henri-badoux-aiglejpg-1536x464.jpg 1536w\" sizes=\"(max-width: 1920px) 100vw, 1920px\" \/>        <\/div>\n        \n    <div class=\"wrap\">\n        <ul class=\"breadcrumb\">\n    <li>\n        <a href=\"https:\/\/henri-vins.ch\/de\/\">Accueil<\/a>\n    <\/li>\n\n    \n    \n    <li>\n        <span class=\"current\">Einf\u00fchrung in die Degustation<\/span>\n    <\/li>\n<\/ul>        \n        <div class=\"content\">\n            <h1 class=\"block-title title-big\">\n                                    Einf\u00fchrung in die Degustation                            <\/h1>\n\n            \n                            <div class=\"cta-container\">\n                    <a href=\"mailto:info@henri-badoux.ch\" target=\"_blank\" class=\"btn\">Buchungsanfrage<\/a>\n                <\/div>\n                    <\/div>\n    <\/div>\n\n    <button type=\"button\" class=\"btn cts\">Scroll<\/button>\n<\/section>\n\n\n\n<section class=\"gut-block gut-texte centered-text bg-color-none\" >\n    <div class=\"wrap\">\n        <div class=\"block-texte wysiwyg-content\">\n            <h2 style=\"text-align: center\">Erleben Sie eine einzigartige Weintourismus-Erfahrung in der BadouxTh\u00e8que in Yvorne<\/h2>\n<p style=\"text-align: center\">Hier weihen Sie unsere Fachleute in s\u00e4mtliche Rituale der <strong>Degustation<\/strong>\u00a0ein. Optik, Bouquet, Geschmack \u2026 Lernen Sie, Ihre Sinne zu sensibilisieren und Ihre Empfindungen in Worte zu fassen.<\/p>\n        <\/div>\n    <\/div>\n<\/section>\n\n\n\n<section class=\"gut-block gut-texte  bg-color-jaune\" >\n    <div class=\"wrap\">\n        <div class=\"block-texte wysiwyg-content\">\n            <div class=\"cms-page__block-paragraph-right\">\n<div class=\"cms-page__block-paragraph-left\">\n<p>Anhand von f\u00fcnf unserer hauseignen Weine lernen Sie die Grundlagen der Degustation kennen. Ein fachkundiger Mitarbeitender von Henri Badoux zeigt ihnen, wie Sie Optik, Duft und Geschmack eines Weines richtig deuten und zuteilen k\u00f6nnen. Spannendes Kursmaterial gibt Ihnen zus\u00e4tzlichen Einblick in die Welt der Weine.<\/p>\n<p>&nbsp;<\/p>\n<\/div>\n<div class=\"cms-page__block-paragraph-right\">\n<p>Anschliessend an den zweist\u00fcndigen Kurs servieren wir Ihnen einen Aperitif in der <a href=\"https:\/\/www.group-events.ch\/la-badouxtheque\/\" target=\"_blank\" rel=\"noopener\">BadouxTh\u00e8que<\/a> mit den w\u00e4hrend des Kurses verkosteten Weinen \u2013 begleitet von feinem Bl\u00e4tterteiggeb\u00e4ck f\u00fcr den kleinen Hunger.<\/p>\n<\/div>\n<\/div>\n<h3>Dienstleistungen und Preise<\/h3>\n<ul>\n<li>Dauer der Aktivit\u00e4t: 2 Stunden<\/li>\n<li>Kurs, Kursmaterial, Weinverkostung<\/li>\n<li>Aperitif<\/li>\n<li>CHF 70.- pro Person<\/li>\n<\/ul>\n<h3>Praktische Informationen<\/h3>\n<ul>\n<li>Angebot f\u00fcr Gruppen ab 8 Personen<\/li>\n<li>Kommentare auf Deutsch, Franz\u00f6sisch oder Englisch<\/li>\n<li>Besuch nur auf Vorbestellung<\/li>\n<li>Gratisparkpl\u00e4tze vorhanden<\/li>\n<\/ul>\n        <\/div>\n    <\/div>\n<\/section>","protected":false},"excerpt":{"rendered":"","protected":false},"author":14,"featured_media":505,"parent":0,"menu_order":0,"comment_status":"closed","ping_status":"closed","template":"","meta":{"_acf_changed":false,"inline_featured_image":false,"footnotes":""},"acf":[],"yoast_head":"<!-- This site is optimized with the Yoast SEO plugin v24.5 - https:\/\/yoast.com\/wordpress\/plugins\/seo\/ -->\n<title>4 Weintourismusaktivit\u00e4ten : Einf\u00fchrung in die Degustation Henri-Weine<\/title>\n<meta name=\"description\" content=\"Lernen Sie die Grundlagen der Weinprobe der Henri-Weine aus dem Haus Badoux kennen: die Farbe, die Nase und die Aromen. Im Anschluss an die Einf\u00fchrung gibt es einen Aperitif in der BadouxTh\u00e8que in Yvorne.\" \/>\n<meta name=\"robots\" content=\"index, follow, max-snippet:-1, max-image-preview:large, max-video-preview:-1\" \/>\n<link rel=\"canonical\" href=\"https:\/\/henri-vins.ch\/de\/einfuhrung-degustation\/\" \/>\n<meta property=\"og:locale\" content=\"de_DE\" \/>\n<meta property=\"og:type\" content=\"article\" \/>\n<meta property=\"og:title\" content=\"4 Weintourismusaktivit\u00e4ten : Einf\u00fchrung in die Degustation Henri-Weine\" \/>\n<meta property=\"og:description\" content=\"Lernen Sie die Grundlagen der Weinprobe der Henri-Weine aus dem Haus Badoux kennen: die Farbe, die Nase und die Aromen. Im Anschluss an die Einf\u00fchrung gibt es einen Aperitif in der BadouxTh\u00e8que in Yvorne.\" \/>\n<meta property=\"og:url\" content=\"https:\/\/henri-vins.ch\/de\/einfuhrung-degustation\/\" \/>\n<meta property=\"og:site_name\" content=\"Henri\" \/>\n<meta property=\"article:modified_time\" content=\"2024-01-23T07:51:21+00:00\" \/>\n<meta property=\"og:image\" content=\"https:\/\/henri-vins.ch\/wp-content\/uploads\/sites\/2\/2023\/09\/Ambiance_Oeno_degustation_945x980.webp\" \/>\n\t<meta property=\"og:image:width\" content=\"945\" \/>\n\t<meta property=\"og:image:height\" content=\"980\" \/>\n\t<meta property=\"og:image:type\" content=\"image\/webp\" \/>\n<meta name=\"twitter:card\" content=\"summary_large_image\" \/>\n<meta name=\"twitter:label1\" content=\"Gesch\u00e4tzte Lesezeit\" \/>\n\t<meta name=\"twitter:data1\" content=\"1\u00a0Minute\" \/>\n<script type=\"application\/ld+json\" class=\"yoast-schema-graph\">{\"@context\":\"https:\/\/schema.org\",\"@graph\":[{\"@type\":\"WebPage\",\"@id\":\"https:\/\/henri-vins.ch\/de\/einfuhrung-degustation\/\",\"url\":\"https:\/\/henri-vins.ch\/de\/einfuhrung-degustation\/\",\"name\":\"4 Weintourismusaktivit\u00e4ten : Einf\u00fchrung in die Degustation Henri-Weine\",\"isPartOf\":{\"@id\":\"https:\/\/henri-vins.ch\/de\/#website\"},\"primaryImageOfPage\":{\"@id\":\"https:\/\/henri-vins.ch\/de\/einfuhrung-degustation\/#primaryimage\"},\"image\":{\"@id\":\"https:\/\/henri-vins.ch\/de\/einfuhrung-degustation\/#primaryimage\"},\"thumbnailUrl\":\"https:\/\/henri-vins.ch\/wp-content\/uploads\/sites\/2\/2023\/09\/Ambiance_Oeno_degustation_945x980.webp\",\"datePublished\":\"2023-11-13T08:53:17+00:00\",\"dateModified\":\"2024-01-23T07:51:21+00:00\",\"description\":\"Lernen Sie die Grundlagen der Weinprobe der Henri-Weine aus dem Haus Badoux kennen: die Farbe, die Nase und die Aromen. Im Anschluss an die Einf\u00fchrung gibt es einen Aperitif in der BadouxTh\u00e8que in Yvorne.\",\"breadcrumb\":{\"@id\":\"https:\/\/henri-vins.ch\/de\/einfuhrung-degustation\/#breadcrumb\"},\"inLanguage\":\"de\",\"potentialAction\":[{\"@type\":\"ReadAction\",\"target\":[\"https:\/\/henri-vins.ch\/de\/einfuhrung-degustation\/\"]}]},{\"@type\":\"ImageObject\",\"inLanguage\":\"de\",\"@id\":\"https:\/\/henri-vins.ch\/de\/einfuhrung-degustation\/#primaryimage\",\"url\":\"https:\/\/henri-vins.ch\/wp-content\/uploads\/sites\/2\/2023\/09\/Ambiance_Oeno_degustation_945x980.webp\",\"contentUrl\":\"https:\/\/henri-vins.ch\/wp-content\/uploads\/sites\/2\/2023\/09\/Ambiance_Oeno_degustation_945x980.webp\",\"width\":945,\"height\":980,\"caption\":\"D\u00e9gustatio de vins suisses\"},{\"@type\":\"BreadcrumbList\",\"@id\":\"https:\/\/henri-vins.ch\/de\/einfuhrung-degustation\/#breadcrumb\",\"itemListElement\":[{\"@type\":\"ListItem\",\"position\":1,\"name\":\"Accueil\",\"item\":\"https:\/\/henri-vins.ch\/de\/\"},{\"@type\":\"ListItem\",\"position\":2,\"name\":\"Einf\u00fchrung in die Degustation\"}]},{\"@type\":\"WebSite\",\"@id\":\"https:\/\/henri-vins.ch\/de\/#website\",\"url\":\"https:\/\/henri-vins.ch\/de\/\",\"name\":\"Henri\",\"description\":\"\",\"publisher\":{\"@id\":\"https:\/\/henri-vins.ch\/de\/#organization\"},\"potentialAction\":[{\"@type\":\"SearchAction\",\"target\":{\"@type\":\"EntryPoint\",\"urlTemplate\":\"https:\/\/henri-vins.ch\/de\/?s={search_term_string}\"},\"query-input\":{\"@type\":\"PropertyValueSpecification\",\"valueRequired\":true,\"valueName\":\"search_term_string\"}}],\"inLanguage\":\"de\"},{\"@type\":\"Organization\",\"@id\":\"https:\/\/henri-vins.ch\/de\/#organization\",\"name\":\"Henri\",\"url\":\"https:\/\/henri-vins.ch\/de\/\",\"logo\":{\"@type\":\"ImageObject\",\"inLanguage\":\"de\",\"@id\":\"https:\/\/henri-vins.ch\/de\/#\/schema\/logo\/image\/\",\"url\":\"https:\/\/henri-vins.ch\/wp-content\/uploads\/sites\/2\/2023\/09\/logo-henri.svg\",\"contentUrl\":\"https:\/\/henri-vins.ch\/wp-content\/uploads\/sites\/2\/2023\/09\/logo-henri.svg\",\"width\":89,\"height\":20,\"caption\":\"Henri\"},\"image\":{\"@id\":\"https:\/\/henri-vins.ch\/de\/#\/schema\/logo\/image\/\"}}]}<\/script>\n<!-- \/ Yoast SEO plugin. -->","yoast_head_json":{"title":"4 Weintourismusaktivit\u00e4ten : Einf\u00fchrung in die Degustation Henri-Weine","description":"Lernen Sie die Grundlagen der Weinprobe der Henri-Weine aus dem Haus Badoux kennen: die Farbe, die Nase und die Aromen. Im Anschluss an die Einf\u00fchrung gibt es einen Aperitif in der BadouxTh\u00e8que in Yvorne.","robots":{"index":"index","follow":"follow","max-snippet":"max-snippet:-1","max-image-preview":"max-image-preview:large","max-video-preview":"max-video-preview:-1"},"canonical":"https:\/\/henri-vins.ch\/de\/einfuhrung-degustation\/","og_locale":"de_DE","og_type":"article","og_title":"4 Weintourismusaktivit\u00e4ten : Einf\u00fchrung in die Degustation Henri-Weine","og_description":"Lernen Sie die Grundlagen der Weinprobe der Henri-Weine aus dem Haus Badoux kennen: die Farbe, die Nase und die Aromen. Im Anschluss an die Einf\u00fchrung gibt es einen Aperitif in der BadouxTh\u00e8que in Yvorne.","og_url":"https:\/\/henri-vins.ch\/de\/einfuhrung-degustation\/","og_site_name":"Henri","article_modified_time":"2024-01-23T07:51:21+00:00","og_image":[{"width":945,"height":980,"url":"https:\/\/henri-vins.ch\/wp-content\/uploads\/sites\/2\/2023\/09\/Ambiance_Oeno_degustation_945x980.webp","type":"image\/webp"}],"twitter_card":"summary_large_image","twitter_misc":{"Gesch\u00e4tzte Lesezeit":"1\u00a0Minute"},"schema":{"@context":"https:\/\/schema.org","@graph":[{"@type":"WebPage","@id":"https:\/\/henri-vins.ch\/de\/einfuhrung-degustation\/","url":"https:\/\/henri-vins.ch\/de\/einfuhrung-degustation\/","name":"4 Weintourismusaktivit\u00e4ten : Einf\u00fchrung in die Degustation Henri-Weine","isPartOf":{"@id":"https:\/\/henri-vins.ch\/de\/#website"},"primaryImageOfPage":{"@id":"https:\/\/henri-vins.ch\/de\/einfuhrung-degustation\/#primaryimage"},"image":{"@id":"https:\/\/henri-vins.ch\/de\/einfuhrung-degustation\/#primaryimage"},"thumbnailUrl":"https:\/\/henri-vins.ch\/wp-content\/uploads\/sites\/2\/2023\/09\/Ambiance_Oeno_degustation_945x980.webp","datePublished":"2023-11-13T08:53:17+00:00","dateModified":"2024-01-23T07:51:21+00:00","description":"Lernen Sie die Grundlagen der Weinprobe der Henri-Weine aus dem Haus Badoux kennen: die Farbe, die Nase und die Aromen. Im Anschluss an die Einf\u00fchrung gibt es einen Aperitif in der BadouxTh\u00e8que in Yvorne.","breadcrumb":{"@id":"https:\/\/henri-vins.ch\/de\/einfuhrung-degustation\/#breadcrumb"},"inLanguage":"de","potentialAction":[{"@type":"ReadAction","target":["https:\/\/henri-vins.ch\/de\/einfuhrung-degustation\/"]}]},{"@type":"ImageObject","inLanguage":"de","@id":"https:\/\/henri-vins.ch\/de\/einfuhrung-degustation\/#primaryimage","url":"https:\/\/henri-vins.ch\/wp-content\/uploads\/sites\/2\/2023\/09\/Ambiance_Oeno_degustation_945x980.webp","contentUrl":"https:\/\/henri-vins.ch\/wp-content\/uploads\/sites\/2\/2023\/09\/Ambiance_Oeno_degustation_945x980.webp","width":945,"height":980,"caption":"D\u00e9gustatio de vins suisses"},{"@type":"BreadcrumbList","@id":"https:\/\/henri-vins.ch\/de\/einfuhrung-degustation\/#breadcrumb","itemListElement":[{"@type":"ListItem","position":1,"name":"Accueil","item":"https:\/\/henri-vins.ch\/de\/"},{"@type":"ListItem","position":2,"name":"Einf\u00fchrung in die Degustation"}]},{"@type":"WebSite","@id":"https:\/\/henri-vins.ch\/de\/#website","url":"https:\/\/henri-vins.ch\/de\/","name":"Henri","description":"","publisher":{"@id":"https:\/\/henri-vins.ch\/de\/#organization"},"potentialAction":[{"@type":"SearchAction","target":{"@type":"EntryPoint","urlTemplate":"https:\/\/henri-vins.ch\/de\/?s={search_term_string}"},"query-input":{"@type":"PropertyValueSpecification","valueRequired":true,"valueName":"search_term_string"}}],"inLanguage":"de"},{"@type":"Organization","@id":"https:\/\/henri-vins.ch\/de\/#organization","name":"Henri","url":"https:\/\/henri-vins.ch\/de\/","logo":{"@type":"ImageObject","inLanguage":"de","@id":"https:\/\/henri-vins.ch\/de\/#\/schema\/logo\/image\/","url":"https:\/\/henri-vins.ch\/wp-content\/uploads\/sites\/2\/2023\/09\/logo-henri.svg","contentUrl":"https:\/\/henri-vins.ch\/wp-content\/uploads\/sites\/2\/2023\/09\/logo-henri.svg","width":89,"height":20,"caption":"Henri"},"image":{"@id":"https:\/\/henri-vins.ch\/de\/#\/schema\/logo\/image\/"}}]}},"_links":{"self":[{"href":"https:\/\/henri-vins.ch\/de\/wp-json\/wp\/v2\/pages\/2184"}],"collection":[{"href":"https:\/\/henri-vins.ch\/de\/wp-json\/wp\/v2\/pages"}],"about":[{"href":"https:\/\/henri-vins.ch\/de\/wp-json\/wp\/v2\/types\/page"}],"author":[{"embeddable":true,"href":"https:\/\/henri-vins.ch\/de\/wp-json\/wp\/v2\/users\/14"}],"replies":[{"embeddable":true,"href":"https:\/\/henri-vins.ch\/de\/wp-json\/wp\/v2\/comments?post=2184"}],"version-history":[{"count":5,"href":"https:\/\/henri-vins.ch\/de\/wp-json\/wp\/v2\/pages\/2184\/revisions"}],"predecessor-version":[{"id":3813,"href":"https:\/\/henri-vins.ch\/de\/wp-json\/wp\/v2\/pages\/2184\/revisions\/3813"}],"wp:featuredmedia":[{"embeddable":true,"href":"https:\/\/henri-vins.ch\/de\/wp-json\/wp\/v2\/media\/505"}],"wp:attachment":[{"href":"https:\/\/henri-vins.ch\/de\/wp-json\/wp\/v2\/media?parent=2184"}],"curies":[{"name":"wp","href":"https:\/\/api.w.org\/{rel}","templated":true}]}}